{"id":62,"date":"2021-02-19T11:57:53","date_gmt":"2021-02-19T11:57:53","guid":{"rendered":"https:\/\/ijsbergconsultants.nl\/?page_id=62"},"modified":"2022-02-02T13:40:53","modified_gmt":"2022-02-02T13:40:53","slug":"business-design","status":"publish","type":"page","link":"https:\/\/ijsbergconsultants.nl\/index.php\/business-design\/","title":{"rendered":""},"content":{"rendered":"\t\t<div data-elementor-type=\"wp-page\" data-elementor-id=\"62\" class=\"elementor elementor-62\" data-elementor-settings=\"[]\">\n\t\t\t\t\t\t\t<div class=\"elementor-section-wrap\">\n\t\t\t\t\t\t\t<section class=\"elementor-section elementor-top-section elementor-element elementor-element-38075ab elementor-section-full_width elementor-section-stretched elementor-section-height-min-height elementor-section-items-stretch elementor-section-content-top elementor-section-height-default\" data-id=\"38075ab\" data-element_type=\"section\" data-settings=\"{&quot;stretch_section&quot;:&quot;section-stretched&quot;,&quot;animation&quot;:&quot;none&quot;,&quot;background_background&quot;:&quot;classic&quot;}\">\n\t\t\t\t\t\t\t<div class=\"elementor-background-overlay\"><\/div>\n\t\t\t\t\t\t\t<div class=\"elementor-container elementor-column-gap-default\">\n\t\t\t\t\t<div class=\"elementor-column elementor-col-100 elementor-top-column elementor-element elementor-element-ad6df22\" data-id=\"ad6df22\" data-element_type=\"column\">\n\t\t\t<div class=\"elementor-widget-wrap elementor-element-populated\">\n\t\t\t\t\t\t\t\t<div class=\"elementor-element elementor-element-82ec7ad elementor-widget elementor-widget-text-editor\" data-id=\"82ec7ad\" data-element_type=\"widget\" data-widget_type=\"text-editor.default\">\n\t\t\t\t<div class=\"elementor-widget-container\">\n\t\t\t\t\t\t\t<p>Business Design<\/p>\t\t\t\t\t\t<\/div>\n\t\t\t\t<\/div>\n\t\t\t\t<div class=\"elementor-element elementor-element-59a4edd elementor-widget elementor-widget-text-editor\" data-id=\"59a4edd\" data-element_type=\"widget\" data-widget_type=\"text-editor.default\">\n\t\t\t\t<div class=\"elementor-widget-container\">\n\t\t\t\t\t\t\t<p><span style=\"color: var( --e-global-color-78adb0c );\">&#8220;If you can&#8217;t beat them, change the rules&#8221;,&nbsp;<\/span><span style=\"color: var( --e-global-color-78adb0c );\">zo cre\u00ebren we game changers<\/span><\/p>\t\t\t\t\t\t<\/div>\n\t\t\t\t<\/div>\n\t\t\t\t\t<\/div>\n\t\t<\/div>\n\t\t\t\t\t\t\t<\/div>\n\t\t<\/section>\n\t\t\t\t<section class=\"elementor-section elementor-top-section elementor-element elementor-element-e1c20cc elementor-section-boxed elementor-section-height-default elementor-section-height-default\" data-id=\"e1c20cc\" data-element_type=\"section\" data-settings=\"{&quot;background_background&quot;:&quot;classic&quot;}\">\n\t\t\t\t\t\t<div class=\"elementor-container elementor-column-gap-default\">\n\t\t\t\t\t<div class=\"elementor-column elementor-col-100 elementor-top-column elementor-element elementor-element-24f9a91\" data-id=\"24f9a91\" data-element_type=\"column\">\n\t\t\t<div class=\"elementor-widget-wrap elementor-element-populated\">\n\t\t\t\t\t\t\t\t<div class=\"elementor-element elementor-element-ee8ae73 elementor-widget elementor-widget-heading\" data-id=\"ee8ae73\" data-element_type=\"widget\" data-widget_type=\"heading.default\">\n\t\t\t\t<div class=\"elementor-widget-container\">\n\t\t\t<h2 class=\"elementor-heading-title elementor-size-default\">\/ Creative Business Design<\/h2>\t\t<\/div>\n\t\t\t\t<\/div>\n\t\t\t\t<div class=\"elementor-element elementor-element-51dd19c elementor-widget elementor-widget-text-editor\" data-id=\"51dd19c\" data-element_type=\"widget\" data-widget_type=\"text-editor.default\">\n\t\t\t\t<div class=\"elementor-widget-container\">\n\t\t\t\t\t\t\t<p>Innovaties vinden vaak buiten de bestaande marktpartijen plaats. Nieuwkomers veranderen de manier waarop zaken wordt gedaan.\u00a0<span style=\"color: var( --e-global-color-78adb0c ); letter-spacing: 0px;\">Zonder een goede inbedding van innovatie is bijna iedere organisatie gedoemd te mislukken. Ze blijven staan terwijl anderen links en rechts voorbij schieten. <\/span><strong style=\"color: var( --e-global-color-78adb0c ); letter-spacing: 0px;\">Game Changers<\/strong><span style=\"color: var( --e-global-color-78adb0c ); letter-spacing: 0px;\"> ontstaan uit onvrede met bestaande situaties, structuren en wellicht zelfs markten en organisaties. Vanuit: klanten, medewerkers, leveranciers, etc. Steeds vaker ook uit hoeken waaruit je dit niet zou verwachten.<\/span><\/p><p>Innovatieve organisaties hebben een bredere blik op de ontwikkelingen in de wereld, werken sprongsgewijs en niet noodzakelijk binnen hun huidige kerncompetenties. Ook kijken ze niet binnen de huidige markt en werken samen met klanten en andere organisaties bij het ontwerpen van hun (nieuwe) business. Veelal gaat dit op basis van <strong>reverse engineering<\/strong> (rationaliseren van een idee).<\/p><p>\u00a0<\/p>\t\t\t\t\t\t<\/div>\n\t\t\t\t<\/div>\n\t\t\t\t\t<\/div>\n\t\t<\/div>\n\t\t\t\t\t\t\t<\/div>\n\t\t<\/section>\n\t\t\t\t<section class=\"elementor-section elementor-top-section elementor-element elementor-element-f83e319 elementor-section-boxed elementor-section-height-default elementor-section-height-default\" data-id=\"f83e319\" data-element_type=\"section\" data-settings=\"{&quot;background_background&quot;:&quot;classic&quot;}\">\n\t\t\t\t\t\t<div class=\"elementor-container elementor-column-gap-default\">\n\t\t\t\t\t<div class=\"elementor-column elementor-col-100 elementor-top-column elementor-element elementor-element-5c5eaf3\" data-id=\"5c5eaf3\" data-element_type=\"column\">\n\t\t\t<div class=\"elementor-widget-wrap elementor-element-populated\">\n\t\t\t\t\t\t\t\t<div class=\"elementor-element elementor-element-a479986 elementor-widget elementor-widget-heading\" data-id=\"a479986\" data-element_type=\"widget\" data-widget_type=\"heading.default\">\n\t\t\t\t<div class=\"elementor-widget-container\">\n\t\t\t<h2 class=\"elementor-heading-title elementor-size-default\">\/ Inside Out<\/h2>\t\t<\/div>\n\t\t\t\t<\/div>\n\t\t\t\t<div class=\"elementor-element elementor-element-dbb3222 elementor-widget elementor-widget-text-editor\" data-id=\"dbb3222\" data-element_type=\"widget\" data-widget_type=\"text-editor.default\">\n\t\t\t\t<div class=\"elementor-widget-container\">\n\t\t\t\t\t\t\t<p>Ervaring leert dat er binnen iedere organisatie voldoende evolutionaire- en revolutionaire innovatieve idee\u00ebn zijn. Wij helpen de idee\u00ebn boven tafel te halen, aan te vullen en het proces te stimuleren. De meest relevante en interessante idee\u00ebn te selecteren en de winnende idee\u00ebn naar de markt te brengen.<\/p>\t\t\t\t\t\t<\/div>\n\t\t\t\t<\/div>\n\t\t\t\t\t<\/div>\n\t\t<\/div>\n\t\t\t\t\t\t\t<\/div>\n\t\t<\/section>\n\t\t\t\t<section class=\"elementor-section elementor-top-section elementor-element elementor-element-6350328 elementor-section-boxed elementor-section-height-default elementor-section-height-default\" data-id=\"6350328\" data-element_type=\"section\" data-settings=\"{&quot;background_background&quot;:&quot;classic&quot;}\">\n\t\t\t\t\t\t<div class=\"elementor-container elementor-column-gap-default\">\n\t\t\t\t\t<div class=\"elementor-column elementor-col-100 elementor-top-column elementor-element elementor-element-504b51f\" data-id=\"504b51f\" data-element_type=\"column\">\n\t\t\t<div class=\"elementor-widget-wrap elementor-element-populated\">\n\t\t\t\t\t\t\t\t<div class=\"elementor-element elementor-element-bf6fba5 elementor-widget elementor-widget-heading\" data-id=\"bf6fba5\" data-element_type=\"widget\" data-widget_type=\"heading.default\">\n\t\t\t\t<div class=\"elementor-widget-container\">\n\t\t\t<h2 class=\"elementor-heading-title elementor-size-default\">\/ Outside In<\/h2>\t\t<\/div>\n\t\t\t\t<\/div>\n\t\t\t\t<div class=\"elementor-element elementor-element-11402de elementor-widget elementor-widget-text-editor\" data-id=\"11402de\" data-element_type=\"widget\" data-widget_type=\"text-editor.default\">\n\t\t\t\t<div class=\"elementor-widget-container\">\n\t\t\t\t\t\t\t<p>De mens is van nature geen voorstander van (grote) veranderingen. Ook binnen bedrijven niet. Interne innovatie processen vergen over het algemeen dan ook meer tijd dan externe. Hoewel we voorstander zijn van een intern gedragen proces kunnen de omstandigheden vragen om een snelle externe generatie van creatieve business initiatieven. Ook dan vindt u in IJsberg een inspiratievolle en daadkrachtige partner.<\/p>\t\t\t\t\t\t<\/div>\n\t\t\t\t<\/div>\n\t\t\t\t\t<\/div>\n\t\t<\/div>\n\t\t\t\t\t\t\t<\/div>\n\t\t<\/section>\n\t\t\t\t<section class=\"elementor-section elementor-top-section elementor-element elementor-element-f8969f1 elementor-section-boxed elementor-section-height-default elementor-section-height-default\" data-id=\"f8969f1\" data-element_type=\"section\" data-settings=\"{&quot;background_background&quot;:&quot;classic&quot;}\">\n\t\t\t\t\t\t<div class=\"elementor-container elementor-column-gap-default\">\n\t\t\t\t\t<div class=\"elementor-column elementor-col-100 elementor-top-column elementor-element elementor-element-03db730\" data-id=\"03db730\" data-element_type=\"column\">\n\t\t\t<div class=\"elementor-widget-wrap elementor-element-populated\">\n\t\t\t\t\t\t\t\t<div class=\"elementor-element elementor-element-f143f04 elementor-widget elementor-widget-heading\" data-id=\"f143f04\" data-element_type=\"widget\" data-widget_type=\"heading.default\">\n\t\t\t\t<div class=\"elementor-widget-container\">\n\t\t\t<h2 class=\"elementor-heading-title elementor-size-default\">\/ Zekerheid<\/h2>\t\t<\/div>\n\t\t\t\t<\/div>\n\t\t\t\t<div class=\"elementor-element elementor-element-0db98df elementor-widget elementor-widget-text-editor\" data-id=\"0db98df\" data-element_type=\"widget\" data-widget_type=\"text-editor.default\">\n\t\t\t\t<div class=\"elementor-widget-container\">\n\t\t\t\t\t\t\t<p>Veel innovaties zijn niet zo succesvol als van te voren gedacht, berekend en onderzocht. De oorzaak zit verscholen in de schijnzekerheid die veel onderzoek onder consumenten biedt. Het missen van attributen wil nog niet zeggen dat deze, eenmaal toegevoegd aan een product, ook daadwerkelijk succesvol worden. Het testen van nieuwe producten\/diensten vergt een apart soort onderzoek en dito onderzoekers. Ook het vinden van opportunities door middel van onderzoek, behoort tot onze (geassocieerde) expertise. Meer weten?<\/p>\t\t\t\t\t\t<\/div>\n\t\t\t\t<\/div>\n\t\t\t\t\t<\/div>\n\t\t<\/div>\n\t\t\t\t\t\t\t<\/div>\n\t\t<\/section>\n\t\t\t\t<section class=\"elementor-section elementor-top-section elementor-element elementor-element-077d11e elementor-section-boxed elementor-section-height-default elementor-section-height-default\" data-id=\"077d11e\" data-element_type=\"section\">\n\t\t\t\t\t\t<div class=\"elementor-container elementor-column-gap-default\">\n\t\t\t\t\t<div class=\"elementor-column elementor-col-100 elementor-top-column elementor-element elementor-element-bd8a571\" data-id=\"bd8a571\" data-element_type=\"column\">\n\t\t\t<div class=\"elementor-widget-wrap elementor-element-populated\">\n\t\t\t\t\t\t\t\t<div class=\"elementor-element elementor-element-1c59bd7 elementor-align-center elementor-widget elementor-widget-button\" data-id=\"1c59bd7\" data-element_type=\"widget\" data-widget_type=\"button.default\">\n\t\t\t\t<div class=\"elementor-widget-container\">\n\t\t\t\t\t<div class=\"elementor-button-wrapper\">\n\t\t\t<a href=\"https:\/\/ijsbergconsultants.nl\/index.php\/contact\/\" class=\"elementor-button-link elementor-button elementor-size-sm elementor-animation-grow\" role=\"button\">\n\t\t\t\t\t\t<span class=\"elementor-button-content-wrapper\">\n\t\t\t\t\t\t<span class=\"elementor-button-icon elementor-align-icon-right\">\n\t\t\t\t<i aria-hidden=\"true\" class=\"fas fa-check\"><\/i>\t\t\t<\/span>\n\t\t\t\t\t\t<span class=\"elementor-button-text\">contact<\/span>\n\t\t<\/span>\n\t\t\t\t\t<\/a>\n\t\t<\/div>\n\t\t\t\t<\/div>\n\t\t\t\t<\/div>\n\t\t\t\t\t<\/div>\n\t\t<\/div>\n\t\t\t\t\t\t\t<\/div>\n\t\t<\/section>\n\t\t\t\t\t\t<\/div>\n\t\t\t\t\t<\/div>\n\t\t","protected":false},"excerpt":{"rendered":"<p>Business Design &#8220;If you can&#8217;t beat them, change the rules&#8221;,&nbsp;zo cre\u00ebren we game changers \/ Creative Business Design Innovaties vinden<\/p>\n<p><a href=\"https:\/\/ijsbergconsultants.nl\/index.php\/business-design\/\" class=\"more-link\">Lees verder<span class=\"screen-reader-text\"><\/span><\/a><\/p>\n","protected":false},"author":1,"featured_media":0,"parent":0,"menu_order":0,"comment_status":"closed","ping_status":"closed","template":"","meta":{"footnotes":""},"class_list":["post-62","page","type-page","status-publish","hentry"],"_links":{"self":[{"href":"https:\/\/ijsbergconsultants.nl\/index.php\/wp-json\/wp\/v2\/pages\/62","targetHints":{"allow":["GET"]}}],"collection":[{"href":"https:\/\/ijsbergconsultants.nl\/index.php\/wp-json\/wp\/v2\/pages"}],"about":[{"href":"https:\/\/ijsbergconsultants.nl\/index.php\/wp-json\/wp\/v2\/types\/page"}],"author":[{"embeddable":true,"href":"https:\/\/ijsbergconsultants.nl\/index.php\/wp-json\/wp\/v2\/users\/1"}],"replies":[{"embeddable":true,"href":"https:\/\/ijsbergconsultants.nl\/index.php\/wp-json\/wp\/v2\/comments?post=62"}],"version-history":[{"count":265,"href":"https:\/\/ijsbergconsultants.nl\/index.php\/wp-json\/wp\/v2\/pages\/62\/revisions"}],"predecessor-version":[{"id":2439,"href":"https:\/\/ijsbergconsultants.nl\/index.php\/wp-json\/wp\/v2\/pages\/62\/revisions\/2439"}],"wp:attachment":[{"href":"https:\/\/ijsbergconsultants.nl\/index.php\/wp-json\/wp\/v2\/media?parent=62"}],"curies":[{"name":"wp","href":"https:\/\/api.w.org\/{rel}","templated":true}]}}